{"id":51,"date":"2018-04-21T11:13:44","date_gmt":"2018-04-21T11:13:44","guid":{"rendered":"http:\/\/farbe-design-ek.com\/?page_id=51"},"modified":"2023-03-21T08:03:13","modified_gmt":"2023-03-21T08:03:13","slug":"das-unternehmen","status":"publish","type":"page","link":"http:\/\/farbe-design-ek.com\/?page_id=51","title":{"rendered":"Das Unternehmen"},"content":{"rendered":"\n<p class=\"has-text-align-center has-black-color has-white-background-color has-text-color has-background has-small-font-size\" style=\"text-decoration:none\">Wir sind ein famili\u00e4rer Meisterbetrieb im Malerhandwerk, mit kompetenter Beratung vor Ort und hochwertiger Ausf\u00fchrung zu fairen Preisen. Es w\u00fcrde uns freuen, wenn wir auch Sie von unseren Qualit\u00e4ten \u00fcberzeugen k\u00f6nnen. <\/p>\n\n\n\n<p><\/p>\n","protected":false},"excerpt":{"rendered":"<p class=\"qua-blog-post-description\">Wir sind ein famili\u00e4rer Meisterbetrieb im Malerhandwerk, mit kompetenter Beratung vor Ort und hochwertiger Ausf\u00fchrung zu fairen Preisen. Es w\u00fcrde uns freuen, wenn wir auch Sie von unseren Qualit\u00e4ten \u00fcberzeugen k\u00f6nnen.<\/p>\n","protected":false},"author":1,"featured_media":0,"parent":0,"menu_order":0,"comment_status":"closed","ping_status":"closed","template":"","meta":{"footnotes":""},"_links":{"self":[{"href":"http:\/\/farbe-design-ek.com\/index.php?rest_route=\/wp\/v2\/pages\/51"}],"collection":[{"href":"http:\/\/farbe-design-ek.com\/index.php?rest_route=\/wp\/v2\/pages"}],"about":[{"href":"http:\/\/farbe-design-ek.com\/index.php?rest_route=\/wp\/v2\/types\/page"}],"author":[{"embeddable":true,"href":"http:\/\/farbe-design-ek.com\/index.php?rest_route=\/wp\/v2\/users\/1"}],"replies":[{"embeddable":true,"href":"http:\/\/farbe-design-ek.com\/index.php?rest_route=%2Fwp%2Fv2%2Fcomments&post=51"}],"version-history":[{"count":11,"href":"http:\/\/farbe-design-ek.com\/index.php?rest_route=\/wp\/v2\/pages\/51\/revisions"}],"predecessor-version":[{"id":147,"href":"http:\/\/farbe-design-ek.com\/index.php?rest_route=\/wp\/v2\/pages\/51\/revisions\/147"}],"wp:attachment":[{"href":"http:\/\/farbe-design-ek.com\/index.php?rest_route=%2Fwp%2Fv2%2Fmedia&parent=51"}],"curies":[{"name":"wp","href":"https:\/\/api.w.org\/{rel}","templated":true}]}}