{"id":84,"date":"2018-04-24T12:29:34","date_gmt":"2018-04-24T12:29:34","guid":{"rendered":"http:\/\/farbe-design-ek.com\/?page_id=84"},"modified":"2023-03-21T16:35:04","modified_gmt":"2023-03-21T16:35:04","slug":"leistungen","status":"publish","type":"page","link":"http:\/\/farbe-design-ek.com\/?page_id=84","title":{"rendered":"Leistungen"},"content":{"rendered":"\n<p><strong>Beratung: <\/strong>Professionelle&nbsp;Beratung vor Ort<\/p>\n\n\n\n<p><strong>Anstrich: <\/strong>Diverse Anstricharbeiten im Au\u00dfen wie Innenbereich<\/p>\n\n\n\n<p><strong>Lackieren: <\/strong>Lackierarbeiten aller Art<\/p>\n\n\n\n<p><strong>Schimmelgutachten: <\/strong>Gutachtenerstelleung inkl. Angebot und fachgerechte&nbsp;Behebung des Schimmels<\/p>\n\n\n\n<p><strong>Wandtechniken: <\/strong>Spezielle&nbsp;Techniken in unterschiedlichsten Designs<\/p>\n\n\n\n<p><strong>Bodenbel\u00e4ge: <\/strong>Bodenbel\u00e4ge verschiedenster Art&nbsp;verlegen wir<\/p>\n\n\n\n<p><strong>Bodenbeschichtungen:&nbsp;<\/strong>Beschichtungen f\u00fcr die verschiedensten Bereiche und Anforderungen&nbsp;<\/p>\n","protected":false},"excerpt":{"rendered":"<p class=\"qua-blog-post-description\">Beratung: Professionelle&nbsp;Beratung vor Ort Anstrich: Diverse Anstricharbeiten im Au\u00dfen wie Innenbereich Lackieren: Lackierarbeiten aller Art Schimmelgutachten: Gutachtenerstelleung inkl. Angebot und fachgerechte&nbsp;Behebung des Schimmels Wandtechniken: Spezielle&nbsp;Techniken in unterschiedlichsten Designs Bodenbel\u00e4ge: Bodenbel\u00e4ge verschiedenster Art&nbsp;verlegen wir Bodenbeschichtungen:&nbsp;Beschichtungen f\u00fcr die verschiedensten Bereiche und Anforderungen&nbsp;<\/p>\n","protected":false},"author":1,"featured_media":0,"parent":0,"menu_order":0,"comment_status":"closed","ping_status":"closed","template":"","meta":{"footnotes":""},"_links":{"self":[{"href":"http:\/\/farbe-design-ek.com\/index.php?rest_route=\/wp\/v2\/pages\/84"}],"collection":[{"href":"http:\/\/farbe-design-ek.com\/index.php?rest_route=\/wp\/v2\/pages"}],"about":[{"href":"http:\/\/farbe-design-ek.com\/index.php?rest_route=\/wp\/v2\/types\/page"}],"author":[{"embeddable":true,"href":"http:\/\/farbe-design-ek.com\/index.php?rest_route=\/wp\/v2\/users\/1"}],"replies":[{"embeddable":true,"href":"http:\/\/farbe-design-ek.com\/index.php?rest_route=%2Fwp%2Fv2%2Fcomments&post=84"}],"version-history":[{"count":8,"href":"http:\/\/farbe-design-ek.com\/index.php?rest_route=\/wp\/v2\/pages\/84\/revisions"}],"predecessor-version":[{"id":157,"href":"http:\/\/farbe-design-ek.com\/index.php?rest_route=\/wp\/v2\/pages\/84\/revisions\/157"}],"wp:attachment":[{"href":"http:\/\/farbe-design-ek.com\/index.php?rest_route=%2Fwp%2Fv2%2Fmedia&parent=84"}],"curies":[{"name":"wp","href":"https:\/\/api.w.org\/{rel}","templated":true}]}}